{"id":409,"date":"2022-08-31T16:40:14","date_gmt":"2022-08-31T14:40:14","guid":{"rendered":"https:\/\/gamershots.pl\/sklep\/energy-gamer-suplement-diety-250-ml\/"},"modified":"2024-04-21T12:16:22","modified_gmt":"2024-04-21T10:16:22","slug":"energy-gamer-suplement-diety-250-ml-2","status":"publish","type":"product","link":"https:\/\/gamershots.pl\/en\/sklep\/energy-gamer-suplement-diety-250-ml-2\/","title":{"rendered":"Energy Gamer Suplement Diety (250 Ml)"},"content":{"rendered":"<p><strong>Energy Gamer<em>\u00a0suplement diety<\/em>\u00a0<\/strong>preparat zio\u0142owy o smaku limonki. Bez dodatku cukru. Zawiera naturalnie wyst\u0119puj\u0105ce cukry.<\/p>\n<p><strong>Maca\u00a0<\/strong>wspomaga sprawno\u015b\u0107 fizyczn\u0105 i umys\u0142ow\u0105, sprzyja utrzymaniu wytrzyma\u0142o\u015bci i witalno\u015bci. Preparat zawiera ekstrakty z ziela karczocha i kurkumy, kt\u00f3re wspieraj\u0105 trawienie i pomagaj\u0105 utrzyma\u0107 prawid\u0142owy poziom lipid\u00f3w we krwi. Wp\u0142ywaj\u0105 te\u017c na prac\u0119 w\u0105troby.\u00a0<strong>Kurkuma\u00a0<\/strong>posiada dodatkowo w\u0142a\u015bciwo\u015bci antyoksydacyjne i wywiera pozytywny wp\u0142yw na odporno\u015b\u0107.\u00a0<strong>Ostropest\u00a0<\/strong>dzia\u0142a ochronnie na kom\u00f3rki w\u0105troby, wp\u0142ywa korzystnie na jej prac\u0119 i wspiera produkcj\u0119 \u017c\u00f3\u0142ci.<\/p>\n<p><strong>Sk\u0142adniki:\u00a0<\/strong>woda gazowana, ekstrakt z ostropestu plamistego (Sylibum marianum), koncentrat soku jab\u0142kowego, stabilizator (glicerol), ekstrakt z korzenia macy (Lepidium meyeni), ekstrakt z ziela karczocha (Cynarae scolymi), koncentrat soku z limonki, ekstrakt z k\u0142\u0105cza ostry\u017cu d\u0142ugiego (Curcuma longa), substancja konserwuj\u0105ca (sorbinian potasu), substancja konserwuj\u0105ca (benzoesan sodu).<\/p>\n","protected":false},"excerpt":{"rendered":"<p>Energy Gamer\u00a0suplement diety\u00a0preparat zio\u0142owy o smaku limonki. Bez dodatku cukru. Zawiera naturalnie wyst\u0119puj\u0105ce cukry. Maca\u00a0wspomaga sprawno\u015b\u0107 fizyczn\u0105 i umys\u0142ow\u0105, sprzyja utrzymaniu wytrzyma\u0142o\u015bci i witalno\u015bci. Preparat zawiera ekstrakty z ziela karczocha i kurkumy, kt\u00f3re wspieraj\u0105 trawienie i pomagaj\u0105 utrzyma\u0107 prawid\u0142owy poziom lipid\u00f3w we krwi. Wp\u0142ywaj\u0105 te\u017c na prac\u0119 w\u0105troby.\u00a0Kurkuma\u00a0posiada dodatkowo w\u0142a\u015bciwo\u015bci antyoksydacyjne i wywiera pozytywny wp\u0142yw [&hellip;]<\/p>\n","protected":false},"featured_media":308,"template":"","meta":{"_acf_changed":false},"product_brand":[],"product_cat":[35],"product_tag":[],"class_list":{"0":"post-409","1":"product","2":"type-product","3":"status-publish","4":"has-post-thumbnail","6":"product_cat-drinks","7":"pa_wielkosc-250-ml-en","8":"pa_wielkosc-4x250-ml-en","9":"pa_wielkosc-8x250-ml-en","11":"first","12":"outofstock","13":"taxable","14":"shipping-taxable","15":"purchasable","16":"product-type-variable"},"acf":[],"_links":{"self":[{"href":"https:\/\/gamershots.pl\/en\/wp-json\/wp\/v2\/product\/409","targetHints":{"allow":["GET"]}}],"collection":[{"href":"https:\/\/gamershots.pl\/en\/wp-json\/wp\/v2\/product"}],"about":[{"href":"https:\/\/gamershots.pl\/en\/wp-json\/wp\/v2\/types\/product"}],"version-history":[{"count":1,"href":"https:\/\/gamershots.pl\/en\/wp-json\/wp\/v2\/product\/409\/revisions"}],"predecessor-version":[{"id":442,"href":"https:\/\/gamershots.pl\/en\/wp-json\/wp\/v2\/product\/409\/revisions\/442"}],"wp:featuredmedia":[{"embeddable":true,"href":"https:\/\/gamershots.pl\/en\/wp-json\/wp\/v2\/media\/308"}],"wp:attachment":[{"href":"https:\/\/gamershots.pl\/en\/wp-json\/wp\/v2\/media?parent=409"}],"wp:term":[{"taxonomy":"product_brand","embeddable":true,"href":"https:\/\/gamershots.pl\/en\/wp-json\/wp\/v2\/product_brand?post=409"},{"taxonomy":"product_cat","embeddable":true,"href":"https:\/\/gamershots.pl\/en\/wp-json\/wp\/v2\/product_cat?post=409"},{"taxonomy":"product_tag","embeddable":true,"href":"https:\/\/gamershots.pl\/en\/wp-json\/wp\/v2\/product_tag?post=409"}],"curies":[{"name":"wp","href":"https:\/\/api.w.org\/{rel}","templated":true}]}}