{"id":347,"date":"2022-08-31T17:51:06","date_gmt":"2022-08-31T15:51:06","guid":{"rendered":"https:\/\/gamershots.pl\/?post_type=product&#038;p=347"},"modified":"2024-04-21T12:15:49","modified_gmt":"2024-04-21T10:15:49","slug":"sport-gamer-suplement-diety-250-ml","status":"publish","type":"product","link":"https:\/\/gamershots.pl\/en\/sklep\/sport-gamer-suplement-diety-250-ml\/","title":{"rendered":"Sport Gamer Suplement Diety (250 Ml)"},"content":{"rendered":"<p><strong>Sport Gamer\u00a0<em>suplement diety<\/em>\u00a0<\/strong>preparat zio\u0142owy o smaku owocowym. Bez dodatku cukru. Zawiera naturalnie wyst\u0119puj\u0105ce cukry.<\/p>\n<p><strong>Si\u0142a 3 antyoksydant\u00f3w i dobre samopoczucie psychofizyczne.<\/strong><\/p>\n<p><strong>Ro\u017ceniec g\u00f3rski<\/strong>\u00a0posiada ca\u0142e spektrum w\u0142a\u015bciwo\u015bci \u2013 jest antyoksydantem, tj. chroni kom\u00f3rki przed negatywnym wp\u0142ywem wolnych rodnik\u00f3w, kt\u00f3re np. powstaj\u0105 pod wp\u0142ywem uprawiania sportu. Wp\u0142ywa korzystnie na kondycj\u0119 fizyczn\u0105 organizmu, a szczeg\u00f3lnie w razie zm\u0119czenia. Pozytywnie oddzia\u0142uje na funkcje poznawcze, poniewa\u017c dzia\u0142a na uk\u0142ad nerwowy i samopoczucie psychofizyczne oraz serce i uk\u0142ad naczyniowy.\u00a0<strong>Eleuterokok\u00a0<\/strong>zwany r\u00f3wnie\u017c \u017ce\u0144szeniem syberyjskim jest znany z korzystnego dzia\u0142ania na procesy immunologiczne oraz sprawno\u015b\u0107 fizyczn\u0105 w przypadkach os\u0142abienia, wyczerpania i zm\u0119czenia. Wspomaga r\u00f3wnie\u017c zdolno\u015bci umys\u0142owe.\u00a0<strong>Cytryniec\u00a0<\/strong>podobnie jak i eleuterokok tez jest przeciwutleniaczem. Dodatkowo wspiera uk\u0142ad oddechowy.<\/p>\n<p><strong>Sk\u0142adniki:\u00a0<\/strong>woda gazowana, ekstrakt z korzeni i k\u0142\u0105czy r\u00f3\u017ce\u0144ca g\u00f3rskiego (Rhodiola rosea), stabilizator (glicerol), koncentrat soku jab\u0142kowego, ekstrakt z k\u0142\u0105czy eleuterokoka kolczastego (Eleutherococcus senticosus), ekstrakt z owoc\u00f3w cytry\u0144ca chi\u0144skiego (Schisandra chinensis), koncentrat soku z czarnej porzeczki, koncentrat soku z dzikiej r\u00f3\u017cy, koncentrat soku z cytryny, substancja konserwuj\u0105ca (sorbinian potasu), substancja konserwuj\u0105ca (benzoesan sodu), aromat naturalny z limonki.<\/p>\n","protected":false},"excerpt":{"rendered":"<p>Sport Gamer\u00a0suplement diety\u00a0preparat zio\u0142owy o smaku owocowym. Bez dodatku cukru. Zawiera naturalnie wyst\u0119puj\u0105ce cukry. Si\u0142a 3 antyoksydant\u00f3w i dobre samopoczucie psychofizyczne. Ro\u017ceniec g\u00f3rski\u00a0posiada ca\u0142e spektrum w\u0142a\u015bciwo\u015bci \u2013 jest antyoksydantem, tj. chroni kom\u00f3rki przed negatywnym wp\u0142ywem wolnych rodnik\u00f3w, kt\u00f3re np. powstaj\u0105 pod wp\u0142ywem uprawiania sportu. Wp\u0142ywa korzystnie na kondycj\u0119 fizyczn\u0105 organizmu, a szczeg\u00f3lnie w razie zm\u0119czenia. [&hellip;]<\/p>\n","protected":false},"featured_media":348,"template":"","meta":{"_acf_changed":false},"product_brand":[],"product_cat":[35],"product_tag":[],"class_list":{"0":"post-347","1":"product","2":"type-product","3":"status-publish","4":"has-post-thumbnail","6":"product_cat-drinks","7":"pa_wielkosc-250-ml-en","8":"pa_wielkosc-4x250-ml-en","9":"pa_wielkosc-8x250-ml-en","11":"first","12":"outofstock","13":"taxable","14":"shipping-taxable","15":"purchasable","16":"product-type-variable"},"acf":[],"_links":{"self":[{"href":"https:\/\/gamershots.pl\/en\/wp-json\/wp\/v2\/product\/347","targetHints":{"allow":["GET"]}}],"collection":[{"href":"https:\/\/gamershots.pl\/en\/wp-json\/wp\/v2\/product"}],"about":[{"href":"https:\/\/gamershots.pl\/en\/wp-json\/wp\/v2\/types\/product"}],"version-history":[{"count":1,"href":"https:\/\/gamershots.pl\/en\/wp-json\/wp\/v2\/product\/347\/revisions"}],"predecessor-version":[{"id":367,"href":"https:\/\/gamershots.pl\/en\/wp-json\/wp\/v2\/product\/347\/revisions\/367"}],"wp:featuredmedia":[{"embeddable":true,"href":"https:\/\/gamershots.pl\/en\/wp-json\/wp\/v2\/media\/348"}],"wp:attachment":[{"href":"https:\/\/gamershots.pl\/en\/wp-json\/wp\/v2\/media?parent=347"}],"wp:term":[{"taxonomy":"product_brand","embeddable":true,"href":"https:\/\/gamershots.pl\/en\/wp-json\/wp\/v2\/product_brand?post=347"},{"taxonomy":"product_cat","embeddable":true,"href":"https:\/\/gamershots.pl\/en\/wp-json\/wp\/v2\/product_cat?post=347"},{"taxonomy":"product_tag","embeddable":true,"href":"https:\/\/gamershots.pl\/en\/wp-json\/wp\/v2\/product_tag?post=347"}],"curies":[{"name":"wp","href":"https:\/\/api.w.org\/{rel}","templated":true}]}}