{"id":344,"date":"2022-08-31T17:49:36","date_gmt":"2022-08-31T15:49:36","guid":{"rendered":"https:\/\/gamershots.pl\/?post_type=product&#038;p=344"},"modified":"2024-04-21T12:15:59","modified_gmt":"2024-04-21T10:15:59","slug":"brain-gamer-suplement-diety-250-ml","status":"publish","type":"product","link":"https:\/\/gamershots.pl\/en\/sklep\/brain-gamer-suplement-diety-250-ml\/","title":{"rendered":"Brain Gamer Suplement Diety (250 Ml)"},"content":{"rendered":"<p><strong>Brain Gamer<em>\u00a0suplement diety<\/em>\u00a0<\/strong>preparat zio\u0142owy o smaku owocowym. Bez dodatku cukru. Zawiera naturalnie wyst\u0119puj\u0105ce cukry.<\/p>\n<p><strong>Matcha<\/strong>\u00a0(zielona herbata) i\u00a0<strong>Maca<\/strong>\u00a0dzi\u0119ki swoim w\u0142a\u015bciwo\u015bciom pobudzaj\u0105cym i tonizuj\u0105cym, wspomagaj\u0105 sprawno\u015b\u0107 umys\u0142ow\u0105 i fizyczn\u0105, sprzyjaj\u0105 utrzymaniu wytrzyma\u0142o\u015bci i witalno\u015bci. Preparat zawiera te\u017c ekstrakty z mi\u0142orz\u0119bu japo\u0144skiego i bakopy.\u00a0<strong>Mi\u0142orz\u0105b japo\u0144ski<\/strong>\u00a0wspomaga kr\u0105\u017cenie krwi w m\u00f3zgu, dzi\u0119ki temu wspiera utrzymanie funkcji poznawczych, takich jak pami\u0119\u0107.\u00a0<strong>Bakopa<\/strong>\u00a0wspomaga centralny uk\u0142ad nerwowy, w tym wydajno\u015b\u0107 m\u00f3zgu i funkcje pami\u0119ci i koncentracji. Posiada w\u0142a\u015bciwo\u015bci antyoksydacyjne.<\/p>\n<p><strong>Sk\u0142adniki:\u00a0<\/strong>woda gazowana, koncentrat soku jab\u0142kowego, ekstrakt z korzenia macy (Lepidium meyeni), stabilizator (glicerol), ekstrakt z matchy (Kamelia sinensis), ekstrakt z mi\u0142orz\u0119bu japo\u0144skiego (Gingko biloba), ekstrakt z bakopy (Bacopa monnieri), koncentrat soku z czarnej porzeczki, koncentrat soku z limonki, substancja konserwuj\u0105ca (sorbinian potasu), substancja konserwuj\u0105ca (benzoesan sodu).<\/p>\n","protected":false},"excerpt":{"rendered":"<p>Brain Gamer\u00a0suplement diety\u00a0preparat zio\u0142owy o smaku owocowym. Bez dodatku cukru. Zawiera naturalnie wyst\u0119puj\u0105ce cukry. Matcha\u00a0(zielona herbata) i\u00a0Maca\u00a0dzi\u0119ki swoim w\u0142a\u015bciwo\u015bciom pobudzaj\u0105cym i tonizuj\u0105cym, wspomagaj\u0105 sprawno\u015b\u0107 umys\u0142ow\u0105 i fizyczn\u0105, sprzyjaj\u0105 utrzymaniu wytrzyma\u0142o\u015bci i witalno\u015bci. Preparat zawiera te\u017c ekstrakty z mi\u0142orz\u0119bu japo\u0144skiego i bakopy.\u00a0Mi\u0142orz\u0105b japo\u0144ski\u00a0wspomaga kr\u0105\u017cenie krwi w m\u00f3zgu, dzi\u0119ki temu wspiera utrzymanie funkcji poznawczych, takich jak pami\u0119\u0107.\u00a0Bakopa\u00a0wspomaga [&hellip;]<\/p>\n","protected":false},"featured_media":345,"template":"","meta":{"_acf_changed":false},"product_brand":[],"product_cat":[35],"product_tag":[],"class_list":{"0":"post-344","1":"product","2":"type-product","3":"status-publish","4":"has-post-thumbnail","6":"product_cat-drinks","7":"pa_wielkosc-250-ml-en","8":"pa_wielkosc-4x250-ml-en","9":"pa_wielkosc-8x250-ml-en","11":"first","12":"outofstock","13":"taxable","14":"shipping-taxable","15":"purchasable","16":"product-type-variable"},"acf":[],"_links":{"self":[{"href":"https:\/\/gamershots.pl\/en\/wp-json\/wp\/v2\/product\/344","targetHints":{"allow":["GET"]}}],"collection":[{"href":"https:\/\/gamershots.pl\/en\/wp-json\/wp\/v2\/product"}],"about":[{"href":"https:\/\/gamershots.pl\/en\/wp-json\/wp\/v2\/types\/product"}],"version-history":[{"count":1,"href":"https:\/\/gamershots.pl\/en\/wp-json\/wp\/v2\/product\/344\/revisions"}],"predecessor-version":[{"id":387,"href":"https:\/\/gamershots.pl\/en\/wp-json\/wp\/v2\/product\/344\/revisions\/387"}],"wp:featuredmedia":[{"embeddable":true,"href":"https:\/\/gamershots.pl\/en\/wp-json\/wp\/v2\/media\/345"}],"wp:attachment":[{"href":"https:\/\/gamershots.pl\/en\/wp-json\/wp\/v2\/media?parent=344"}],"wp:term":[{"taxonomy":"product_brand","embeddable":true,"href":"https:\/\/gamershots.pl\/en\/wp-json\/wp\/v2\/product_brand?post=344"},{"taxonomy":"product_cat","embeddable":true,"href":"https:\/\/gamershots.pl\/en\/wp-json\/wp\/v2\/product_cat?post=344"},{"taxonomy":"product_tag","embeddable":true,"href":"https:\/\/gamershots.pl\/en\/wp-json\/wp\/v2\/product_tag?post=344"}],"curies":[{"name":"wp","href":"https:\/\/api.w.org\/{rel}","templated":true}]}}