{"id":341,"date":"2022-08-31T17:47:57","date_gmt":"2022-08-31T15:47:57","guid":{"rendered":"https:\/\/gamershots.pl\/?post_type=product&#038;p=341"},"modified":"2024-04-21T12:16:12","modified_gmt":"2024-04-21T10:16:12","slug":"slim-gamer-suplement-diety-250-ml","status":"publish","type":"product","link":"https:\/\/gamershots.pl\/en\/sklep\/slim-gamer-suplement-diety-250-ml\/","title":{"rendered":"Slim Gamer Suplement Diety (250 Ml)"},"content":{"rendered":"<p><strong>Slim Gamer<em>\u00a0suplement diety<\/em>\u00a0<\/strong>preparat zio\u0142owy o smaku owocowym. Bez dodatku cukru. Zawiera naturalnie wyst\u0119puj\u0105ce cukry.<\/p>\n<p><strong>Karczoch\u00a0<\/strong>\u2013 wp\u0142ywa korzystnie na poziom lipid\u00f3w we krwi i wspiera prac\u0119 serca. Dzia\u0142a tez korzystnie na trawienie.<br \/>\n<strong>Garcinia cambogia<\/strong>\u00a0\u2013 wspiera metabolizm t\u0142uszczu, pomagaj\u0105c w kontroli wagi cia\u0142a. Zmniejsza apetyt.<br \/>\n<strong>Poziomka\u00a0<\/strong>\u2013 wp\u0142ywa pozytywnie na trawienie.<br \/>\n<strong>Pokrzywa\u00a0<\/strong>\u2013 wspomaga fizjologiczne procesy usuwania wody z organizmu, wp\u0142ywa na funkcje wydalnicze nerek, dodaje energii. Wspiera tak\u017ce utrzymanie zdrowej sk\u00f3ry.<\/p>\n<p><strong>Sk\u0142adniki:\u00a0<\/strong>woda gazowana, koncentrat soku jab\u0142kowego, ekstrakt z ziela karczocha (Cynara scolymus), stabilizator (glicerol), ekstrakt z li\u015bci poziomki zwyczajnej (Fragaria vesca), ekstrakt z li\u015bci pokrzywy zwyczajnej (Urtica dioica), ekstrakt z owoc\u00f3w tamaryndowca malabarskiego (Garcinia cambogia), koncentrat soku z bzu czarnego, koncentrat soku z cytryny, substancja konserwuj\u0105ca (sorbinian potasu), substancja konserwuj\u0105ca (benzoesan sodu), aromat naturalny z limonki.<\/p>\n","protected":false},"excerpt":{"rendered":"<p>Slim Gamer\u00a0suplement diety\u00a0preparat zio\u0142owy o smaku owocowym. Bez dodatku cukru. Zawiera naturalnie wyst\u0119puj\u0105ce cukry. Karczoch\u00a0\u2013 wp\u0142ywa korzystnie na poziom lipid\u00f3w we krwi i wspiera prac\u0119 serca. Dzia\u0142a tez korzystnie na trawienie. Garcinia cambogia\u00a0\u2013 wspiera metabolizm t\u0142uszczu, pomagaj\u0105c w kontroli wagi cia\u0142a. Zmniejsza apetyt. Poziomka\u00a0\u2013 wp\u0142ywa pozytywnie na trawienie. Pokrzywa\u00a0\u2013 wspomaga fizjologiczne procesy usuwania wody z [&hellip;]<\/p>\n","protected":false},"featured_media":342,"template":"","meta":{"_acf_changed":false},"product_brand":[],"product_cat":[35],"product_tag":[],"class_list":{"0":"post-341","1":"product","2":"type-product","3":"status-publish","4":"has-post-thumbnail","6":"product_cat-drinks","7":"pa_wielkosc-250-ml-en","8":"pa_wielkosc-4x250-ml-en","9":"pa_wielkosc-8x250-ml-en","11":"first","12":"outofstock","13":"taxable","14":"shipping-taxable","15":"purchasable","16":"product-type-variable"},"acf":[],"_links":{"self":[{"href":"https:\/\/gamershots.pl\/en\/wp-json\/wp\/v2\/product\/341","targetHints":{"allow":["GET"]}}],"collection":[{"href":"https:\/\/gamershots.pl\/en\/wp-json\/wp\/v2\/product"}],"about":[{"href":"https:\/\/gamershots.pl\/en\/wp-json\/wp\/v2\/types\/product"}],"version-history":[{"count":2,"href":"https:\/\/gamershots.pl\/en\/wp-json\/wp\/v2\/product\/341\/revisions"}],"predecessor-version":[{"id":396,"href":"https:\/\/gamershots.pl\/en\/wp-json\/wp\/v2\/product\/341\/revisions\/396"}],"wp:featuredmedia":[{"embeddable":true,"href":"https:\/\/gamershots.pl\/en\/wp-json\/wp\/v2\/media\/342"}],"wp:attachment":[{"href":"https:\/\/gamershots.pl\/en\/wp-json\/wp\/v2\/media?parent=341"}],"wp:term":[{"taxonomy":"product_brand","embeddable":true,"href":"https:\/\/gamershots.pl\/en\/wp-json\/wp\/v2\/product_brand?post=341"},{"taxonomy":"product_cat","embeddable":true,"href":"https:\/\/gamershots.pl\/en\/wp-json\/wp\/v2\/product_cat?post=341"},{"taxonomy":"product_tag","embeddable":true,"href":"https:\/\/gamershots.pl\/en\/wp-json\/wp\/v2\/product_tag?post=341"}],"curies":[{"name":"wp","href":"https:\/\/api.w.org\/{rel}","templated":true}]}}